{"id":351,"date":"2022-11-13T11:50:09","date_gmt":"2022-11-13T10:50:09","guid":{"rendered":"https:\/\/www.holzfachmarkt-schmitt.de\/?page_id=351"},"modified":"2022-11-13T11:50:09","modified_gmt":"2022-11-13T10:50:09","slug":"aussenausstellung","status":"publish","type":"page","link":"https:\/\/www.holzfachmarkt-schmitt.de\/?page_id=351","title":{"rendered":"Au\u00dfenausstellung"},"content":{"rendered":"\n<p>In unserer \u00fcberdachten Au\u00dfenausstellung zeigen wir eine Vielfalt an Terrassenbel\u00e4gen, Sichtschutzelementen und auch die Gartendeko kommt nicht zu kurz. Neben dem Programm was wir vor Ort vorhalten haben wir \u00fcber unserer Partner Zugriff auf ein weites Portfolio &#8211; da bleiben keine W\u00fcnsche die wir nicht addressieren k\u00f6nnen. \u00dcberzeugen Sie sich selbst. <\/p>\n\n\n\n<p>Daneben haben wir noch im Au\u00dfenbereich auf dem Firmengel\u00e4nde eine Auswahl an Gartenh\u00e4usern, Spielequipment f\u00fcr Kinder sowie anderer Baumarktartiekl f\u00fcr den Au\u00dfenbereich. Auch hier gibt es nat\u00fcrlich noch viel mehr Themne die wir abdecken als das was wir vor Ort zeigen k\u00f6nnen. Mit unserer Beratung finden wir aber sicherlich die richtigen Produkte f\u00fcr Sie und Ihr Zuhause.<\/p>\n\n\n\n<figure class=\"wp-block-image size-large\"><img loading=\"lazy\" decoding=\"async\" width=\"1024\" height=\"576\" src=\"https:\/\/www.holzfachmarkt-schmitt.de\/wp-content\/uploads\/2022\/11\/20131108_093952_resized_1-1024x576.jpg\" alt=\"\" class=\"wp-image-352\" srcset=\"https:\/\/www.holzfachmarkt-schmitt.de\/wp-content\/uploads\/2022\/11\/20131108_093952_resized_1-1024x576.jpg 1024w, https:\/\/www.holzfachmarkt-schmitt.de\/wp-content\/uploads\/2022\/11\/20131108_093952_resized_1-300x169.jpg 300w, https:\/\/www.holzfachmarkt-schmitt.de\/wp-content\/uploads\/2022\/11\/20131108_093952_resized_1-768x432.jpg 768w, https:\/\/www.holzfachmarkt-schmitt.de\/wp-content\/uploads\/2022\/11\/20131108_093952_resized_1-1536x864.jpg 1536w, https:\/\/www.holzfachmarkt-schmitt.de\/wp-content\/uploads\/2022\/11\/20131108_093952_resized_1-2048x1152.jpg 2048w\" sizes=\"auto, (max-width: 1024px) 100vw, 1024px\" \/><figcaption class=\"wp-element-caption\">Terrassen und Sichtschutzelemente 1<\/figcaption><\/figure>\n\n\n\n<figure class=\"wp-block-image size-large\"><img loading=\"lazy\" decoding=\"async\" width=\"1024\" height=\"576\" src=\"https:\/\/www.holzfachmarkt-schmitt.de\/wp-content\/uploads\/2022\/11\/20131108_093933_resized_1-1024x576.jpg\" alt=\"\" class=\"wp-image-353\" srcset=\"https:\/\/www.holzfachmarkt-schmitt.de\/wp-content\/uploads\/2022\/11\/20131108_093933_resized_1-1024x576.jpg 1024w, https:\/\/www.holzfachmarkt-schmitt.de\/wp-content\/uploads\/2022\/11\/20131108_093933_resized_1-300x169.jpg 300w, https:\/\/www.holzfachmarkt-schmitt.de\/wp-content\/uploads\/2022\/11\/20131108_093933_resized_1-768x432.jpg 768w, https:\/\/www.holzfachmarkt-schmitt.de\/wp-content\/uploads\/2022\/11\/20131108_093933_resized_1-1536x864.jpg 1536w, https:\/\/www.holzfachmarkt-schmitt.de\/wp-content\/uploads\/2022\/11\/20131108_093933_resized_1-2048x1152.jpg 2048w\" sizes=\"auto, (max-width: 1024px) 100vw, 1024px\" \/><figcaption class=\"wp-element-caption\">Terrassen und Sichtschutzelemente 2<\/figcaption><\/figure>\n","protected":false},"excerpt":{"rendered":"<p>In unserer \u00fcberdachten Au\u00dfenausstellung zeigen wir eine Vielfalt an Terrassenbel\u00e4gen, Sichtschutzelementen und auch die Gartendeko kommt nicht zu kurz. Neben dem Programm was wir vor Ort vorhalten haben wir \u00fcber unserer Partner Zugriff auf ein weites Portfolio &#8211; da bleiben &hellip; <a href=\"https:\/\/www.holzfachmarkt-schmitt.de\/?page_id=351\">Weiterlesen <span class=\"meta-nav\">&rarr;<\/span><\/a><\/p>\n","protected":false},"author":1,"featured_media":0,"parent":2,"menu_order":3,"comment_status":"closed","ping_status":"closed","template":"","meta":{"footnotes":""},"class_list":["post-351","page","type-page","status-publish","hentry"],"_links":{"self":[{"href":"https:\/\/www.holzfachmarkt-schmitt.de\/index.php?rest_route=\/wp\/v2\/pages\/351","targetHints":{"allow":["GET"]}}],"collection":[{"href":"https:\/\/www.holzfachmarkt-schmitt.de\/index.php?rest_route=\/wp\/v2\/pages"}],"about":[{"href":"https:\/\/www.holzfachmarkt-schmitt.de\/index.php?rest_route=\/wp\/v2\/types\/page"}],"author":[{"embeddable":true,"href":"https:\/\/www.holzfachmarkt-schmitt.de\/index.php?rest_route=\/wp\/v2\/users\/1"}],"replies":[{"embeddable":true,"href":"https:\/\/www.holzfachmarkt-schmitt.de\/index.php?rest_route=%2Fwp%2Fv2%2Fcomments&post=351"}],"version-history":[{"count":1,"href":"https:\/\/www.holzfachmarkt-schmitt.de\/index.php?rest_route=\/wp\/v2\/pages\/351\/revisions"}],"predecessor-version":[{"id":354,"href":"https:\/\/www.holzfachmarkt-schmitt.de\/index.php?rest_route=\/wp\/v2\/pages\/351\/revisions\/354"}],"up":[{"embeddable":true,"href":"https:\/\/www.holzfachmarkt-schmitt.de\/index.php?rest_route=\/wp\/v2\/pages\/2"}],"wp:attachment":[{"href":"https:\/\/www.holzfachmarkt-schmitt.de\/index.php?rest_route=%2Fwp%2Fv2%2Fmedia&parent=351"}],"curies":[{"name":"wp","href":"https:\/\/api.w.org\/{rel}","templated":true}]}}