{"id":345,"date":"2022-11-13T11:40:02","date_gmt":"2022-11-13T10:40:02","guid":{"rendered":"https:\/\/www.holzfachmarkt-schmitt.de\/?page_id=345"},"modified":"2022-11-13T11:43:27","modified_gmt":"2022-11-13T10:43:27","slug":"der-laden","status":"publish","type":"page","link":"https:\/\/www.holzfachmarkt-schmitt.de\/?page_id=345","title":{"rendered":"Der Laden"},"content":{"rendered":"\n<p>Im Erdgeschoss betreiben wir einen kleinen aber gut sortierten Baumarkt mit einem Produktsprektrum welches unseren idealen entspricht. Das Farbsortiment ist \u00f6kologisch und nachhaltig und wir unterst\u00fctzen Sie gerne mit unserer Beratung bei der richtigen Auswahl. Kleinteile f\u00fcr den Handwerksalltag halten wir auch vor und sollten Sie einmal etwas ben\u00f6tigen was wir nicht im Laden haben versuchen wir das f\u00fcr Sie schnellstm\u00f6glich \u00fcber unsere Lieferanten zu besorgen.<\/p>\n\n\n\n<figure class=\"wp-block-image size-large\"><img loading=\"lazy\" decoding=\"async\" width=\"1024\" height=\"576\" src=\"https:\/\/www.holzfachmarkt-schmitt.de\/wp-content\/uploads\/2022\/11\/20131108_093901_resized_1-1024x576.jpg\" alt=\"\" class=\"wp-image-346\" srcset=\"https:\/\/www.holzfachmarkt-schmitt.de\/wp-content\/uploads\/2022\/11\/20131108_093901_resized_1-1024x576.jpg 1024w, https:\/\/www.holzfachmarkt-schmitt.de\/wp-content\/uploads\/2022\/11\/20131108_093901_resized_1-300x169.jpg 300w, https:\/\/www.holzfachmarkt-schmitt.de\/wp-content\/uploads\/2022\/11\/20131108_093901_resized_1-768x432.jpg 768w, https:\/\/www.holzfachmarkt-schmitt.de\/wp-content\/uploads\/2022\/11\/20131108_093901_resized_1-1536x864.jpg 1536w, https:\/\/www.holzfachmarkt-schmitt.de\/wp-content\/uploads\/2022\/11\/20131108_093901_resized_1-2048x1152.jpg 2048w\" sizes=\"auto, (max-width: 1024px) 100vw, 1024px\" \/><figcaption class=\"wp-element-caption\">Der Laden &#8211; Maschinen und Farben<\/figcaption><\/figure>\n\n\n\n<figure class=\"wp-block-image size-large\"><img loading=\"lazy\" decoding=\"async\" width=\"1024\" height=\"576\" src=\"https:\/\/www.holzfachmarkt-schmitt.de\/wp-content\/uploads\/2022\/11\/20131108_093912_resized_1-1024x576.jpg\" alt=\"\" class=\"wp-image-347\" srcset=\"https:\/\/www.holzfachmarkt-schmitt.de\/wp-content\/uploads\/2022\/11\/20131108_093912_resized_1-1024x576.jpg 1024w, https:\/\/www.holzfachmarkt-schmitt.de\/wp-content\/uploads\/2022\/11\/20131108_093912_resized_1-300x169.jpg 300w, https:\/\/www.holzfachmarkt-schmitt.de\/wp-content\/uploads\/2022\/11\/20131108_093912_resized_1-768x432.jpg 768w, https:\/\/www.holzfachmarkt-schmitt.de\/wp-content\/uploads\/2022\/11\/20131108_093912_resized_1-1536x864.jpg 1536w, https:\/\/www.holzfachmarkt-schmitt.de\/wp-content\/uploads\/2022\/11\/20131108_093912_resized_1-2048x1152.jpg 2048w\" sizes=\"auto, (max-width: 1024px) 100vw, 1024px\" \/><figcaption class=\"wp-element-caption\">Der Laden &#8211; Farben und Zubeh\u00f6r<\/figcaption><\/figure>\n","protected":false},"excerpt":{"rendered":"<p>Im Erdgeschoss betreiben wir einen kleinen aber gut sortierten Baumarkt mit einem Produktsprektrum welches unseren idealen entspricht. Das Farbsortiment ist \u00f6kologisch und nachhaltig und wir unterst\u00fctzen Sie gerne mit unserer Beratung bei der richtigen Auswahl. Kleinteile f\u00fcr den Handwerksalltag halten &hellip; <a href=\"https:\/\/www.holzfachmarkt-schmitt.de\/?page_id=345\">Weiterlesen <span class=\"meta-nav\">&rarr;<\/span><\/a><\/p>\n","protected":false},"author":1,"featured_media":0,"parent":2,"menu_order":4,"comment_status":"closed","ping_status":"closed","template":"","meta":{"footnotes":""},"class_list":["post-345","page","type-page","status-publish","hentry"],"_links":{"self":[{"href":"https:\/\/www.holzfachmarkt-schmitt.de\/index.php?rest_route=\/wp\/v2\/pages\/345","targetHints":{"allow":["GET"]}}],"collection":[{"href":"https:\/\/www.holzfachmarkt-schmitt.de\/index.php?rest_route=\/wp\/v2\/pages"}],"about":[{"href":"https:\/\/www.holzfachmarkt-schmitt.de\/index.php?rest_route=\/wp\/v2\/types\/page"}],"author":[{"embeddable":true,"href":"https:\/\/www.holzfachmarkt-schmitt.de\/index.php?rest_route=\/wp\/v2\/users\/1"}],"replies":[{"embeddable":true,"href":"https:\/\/www.holzfachmarkt-schmitt.de\/index.php?rest_route=%2Fwp%2Fv2%2Fcomments&post=345"}],"version-history":[{"count":2,"href":"https:\/\/www.holzfachmarkt-schmitt.de\/index.php?rest_route=\/wp\/v2\/pages\/345\/revisions"}],"predecessor-version":[{"id":350,"href":"https:\/\/www.holzfachmarkt-schmitt.de\/index.php?rest_route=\/wp\/v2\/pages\/345\/revisions\/350"}],"up":[{"embeddable":true,"href":"https:\/\/www.holzfachmarkt-schmitt.de\/index.php?rest_route=\/wp\/v2\/pages\/2"}],"wp:attachment":[{"href":"https:\/\/www.holzfachmarkt-schmitt.de\/index.php?rest_route=%2Fwp%2Fv2%2Fmedia&parent=345"}],"curies":[{"name":"wp","href":"https:\/\/api.w.org\/{rel}","templated":true}]}}