{"id":331,"date":"2022-11-13T10:54:02","date_gmt":"2022-11-13T09:54:02","guid":{"rendered":"https:\/\/www.holzfachmarkt-schmitt.de\/?page_id=331"},"modified":"2022-11-13T12:13:54","modified_gmt":"2022-11-13T11:13:54","slug":"innenausstellung","status":"publish","type":"page","link":"https:\/\/www.holzfachmarkt-schmitt.de\/?page_id=331","title":{"rendered":"Innenausstellung"},"content":{"rendered":"\n<p>In unserer Ausstellung verteilt auf das Obergeschoss und den \u00fcberdachten Bereich im Anbau finden Sie viel Inspiration f\u00fcr Ihr n\u00e4chstes Projekt. Egal ob Sie Ihr neues Zuhause gestalten oder Ihre bestehende Wohnung bzw Ihr Eigenheim versch\u00f6nern oder umgestalten m\u00f6chten &#8211; bei uns sind Sie an der richigen Adresse. Mit unserer Erfahrung der \u00fcber die letzten Jahrzehnte wissen wir genau was sich bew\u00e4hrt hat, welche Trends es gibt und auch welche Produkte das beste Preis-\/Leistungsverh\u00e4ltnis bieten. Bei unserer Beratung achten wir zudem sehr darauf sie \u00fcber vertr\u00e4giche Materialien die das Raumklima verbessern und keine unn\u00f6tigen Schadstoffe in sich tragen zu informieren. <\/p>\n\n\n\n<figure class=\"wp-block-image size-large\"><img loading=\"lazy\" decoding=\"async\" width=\"1024\" height=\"576\" src=\"https:\/\/www.holzfachmarkt-schmitt.de\/wp-content\/uploads\/2022\/11\/20131108_094150_resized_1-1024x576.jpg\" alt=\"\" class=\"wp-image-332\" srcset=\"https:\/\/www.holzfachmarkt-schmitt.de\/wp-content\/uploads\/2022\/11\/20131108_094150_resized_1-1024x576.jpg 1024w, https:\/\/www.holzfachmarkt-schmitt.de\/wp-content\/uploads\/2022\/11\/20131108_094150_resized_1-300x169.jpg 300w, https:\/\/www.holzfachmarkt-schmitt.de\/wp-content\/uploads\/2022\/11\/20131108_094150_resized_1-768x432.jpg 768w, https:\/\/www.holzfachmarkt-schmitt.de\/wp-content\/uploads\/2022\/11\/20131108_094150_resized_1-1536x864.jpg 1536w, https:\/\/www.holzfachmarkt-schmitt.de\/wp-content\/uploads\/2022\/11\/20131108_094150_resized_1-2048x1152.jpg 2048w\" sizes=\"auto, (max-width: 1024px) 100vw, 1024px\" \/><figcaption class=\"wp-element-caption\">Bodenausstellung 1<\/figcaption><\/figure>\n\n\n\n<figure class=\"wp-block-image size-large\"><img loading=\"lazy\" decoding=\"async\" width=\"1024\" height=\"576\" src=\"https:\/\/www.holzfachmarkt-schmitt.de\/wp-content\/uploads\/2022\/11\/20131108_094123_resized_1-1024x576.jpg\" alt=\"\" class=\"wp-image-333\" srcset=\"https:\/\/www.holzfachmarkt-schmitt.de\/wp-content\/uploads\/2022\/11\/20131108_094123_resized_1-1024x576.jpg 1024w, https:\/\/www.holzfachmarkt-schmitt.de\/wp-content\/uploads\/2022\/11\/20131108_094123_resized_1-300x169.jpg 300w, https:\/\/www.holzfachmarkt-schmitt.de\/wp-content\/uploads\/2022\/11\/20131108_094123_resized_1-768x432.jpg 768w, https:\/\/www.holzfachmarkt-schmitt.de\/wp-content\/uploads\/2022\/11\/20131108_094123_resized_1-1536x864.jpg 1536w, https:\/\/www.holzfachmarkt-schmitt.de\/wp-content\/uploads\/2022\/11\/20131108_094123_resized_1-2048x1152.jpg 2048w\" sizes=\"auto, (max-width: 1024px) 100vw, 1024px\" \/><figcaption class=\"wp-element-caption\">Bodenausstellung 2<\/figcaption><\/figure>\n\n\n\n<figure class=\"wp-block-image size-large\"><img loading=\"lazy\" decoding=\"async\" width=\"576\" height=\"1024\" src=\"https:\/\/www.holzfachmarkt-schmitt.de\/wp-content\/uploads\/2022\/11\/20131108_094458_resized_1-576x1024.jpg\" alt=\"\" class=\"wp-image-334\" srcset=\"https:\/\/www.holzfachmarkt-schmitt.de\/wp-content\/uploads\/2022\/11\/20131108_094458_resized_1-576x1024.jpg 576w, https:\/\/www.holzfachmarkt-schmitt.de\/wp-content\/uploads\/2022\/11\/20131108_094458_resized_1-169x300.jpg 169w, https:\/\/www.holzfachmarkt-schmitt.de\/wp-content\/uploads\/2022\/11\/20131108_094458_resized_1-768x1365.jpg 768w, https:\/\/www.holzfachmarkt-schmitt.de\/wp-content\/uploads\/2022\/11\/20131108_094458_resized_1-864x1536.jpg 864w, https:\/\/www.holzfachmarkt-schmitt.de\/wp-content\/uploads\/2022\/11\/20131108_094458_resized_1-1152x2048.jpg 1152w, https:\/\/www.holzfachmarkt-schmitt.de\/wp-content\/uploads\/2022\/11\/20131108_094458_resized_1.jpg 1161w\" sizes=\"auto, (max-width: 576px) 100vw, 576px\" \/><figcaption class=\"wp-element-caption\">Boden- und Deckenausstellung 1<\/figcaption><\/figure>\n\n\n\n<figure class=\"wp-block-image size-large\"><img loading=\"lazy\" decoding=\"async\" width=\"576\" height=\"1024\" src=\"https:\/\/www.holzfachmarkt-schmitt.de\/wp-content\/uploads\/2022\/11\/20131108_094513_resized_1-576x1024.jpg\" alt=\"\" class=\"wp-image-335\" srcset=\"https:\/\/www.holzfachmarkt-schmitt.de\/wp-content\/uploads\/2022\/11\/20131108_094513_resized_1-576x1024.jpg 576w, https:\/\/www.holzfachmarkt-schmitt.de\/wp-content\/uploads\/2022\/11\/20131108_094513_resized_1-169x300.jpg 169w, https:\/\/www.holzfachmarkt-schmitt.de\/wp-content\/uploads\/2022\/11\/20131108_094513_resized_1-768x1365.jpg 768w, https:\/\/www.holzfachmarkt-schmitt.de\/wp-content\/uploads\/2022\/11\/20131108_094513_resized_1-864x1536.jpg 864w, https:\/\/www.holzfachmarkt-schmitt.de\/wp-content\/uploads\/2022\/11\/20131108_094513_resized_1-1152x2048.jpg 1152w, https:\/\/www.holzfachmarkt-schmitt.de\/wp-content\/uploads\/2022\/11\/20131108_094513_resized_1.jpg 1161w\" sizes=\"auto, (max-width: 576px) 100vw, 576px\" \/><figcaption class=\"wp-element-caption\">Boden- und Deckenausstellung 2<\/figcaption><\/figure>\n\n\n\n<figure class=\"wp-block-image size-large\"><img loading=\"lazy\" decoding=\"async\" width=\"1024\" height=\"576\" src=\"https:\/\/www.holzfachmarkt-schmitt.de\/wp-content\/uploads\/2022\/11\/20131108_094559_resized_1-1024x576.jpg\" alt=\"\" class=\"wp-image-336\" srcset=\"https:\/\/www.holzfachmarkt-schmitt.de\/wp-content\/uploads\/2022\/11\/20131108_094559_resized_1-1024x576.jpg 1024w, https:\/\/www.holzfachmarkt-schmitt.de\/wp-content\/uploads\/2022\/11\/20131108_094559_resized_1-300x169.jpg 300w, https:\/\/www.holzfachmarkt-schmitt.de\/wp-content\/uploads\/2022\/11\/20131108_094559_resized_1-768x432.jpg 768w, https:\/\/www.holzfachmarkt-schmitt.de\/wp-content\/uploads\/2022\/11\/20131108_094559_resized_1-1536x864.jpg 1536w, https:\/\/www.holzfachmarkt-schmitt.de\/wp-content\/uploads\/2022\/11\/20131108_094559_resized_1-2048x1152.jpg 2048w\" sizes=\"auto, (max-width: 1024px) 100vw, 1024px\" \/><figcaption class=\"wp-element-caption\">Innenausstellung 1<\/figcaption><\/figure>\n\n\n\n<figure class=\"wp-block-image size-large\"><img loading=\"lazy\" decoding=\"async\" width=\"1024\" height=\"576\" src=\"https:\/\/www.holzfachmarkt-schmitt.de\/wp-content\/uploads\/2022\/11\/20131108_094615_resized_1-1024x576.jpg\" alt=\"\" class=\"wp-image-337\" srcset=\"https:\/\/www.holzfachmarkt-schmitt.de\/wp-content\/uploads\/2022\/11\/20131108_094615_resized_1-1024x576.jpg 1024w, https:\/\/www.holzfachmarkt-schmitt.de\/wp-content\/uploads\/2022\/11\/20131108_094615_resized_1-300x169.jpg 300w, https:\/\/www.holzfachmarkt-schmitt.de\/wp-content\/uploads\/2022\/11\/20131108_094615_resized_1-768x432.jpg 768w, https:\/\/www.holzfachmarkt-schmitt.de\/wp-content\/uploads\/2022\/11\/20131108_094615_resized_1-1536x864.jpg 1536w, https:\/\/www.holzfachmarkt-schmitt.de\/wp-content\/uploads\/2022\/11\/20131108_094615_resized_1-2048x1152.jpg 2048w\" sizes=\"auto, (max-width: 1024px) 100vw, 1024px\" \/><figcaption class=\"wp-element-caption\">Innenausstellung 2<\/figcaption><\/figure>\n","protected":false},"excerpt":{"rendered":"<p>In unserer Ausstellung verteilt auf das Obergeschoss und den \u00fcberdachten Bereich im Anbau finden Sie viel Inspiration f\u00fcr Ihr n\u00e4chstes Projekt. Egal ob Sie Ihr neues Zuhause gestalten oder Ihre bestehende Wohnung bzw Ihr Eigenheim versch\u00f6nern oder umgestalten m\u00f6chten &#8211; &hellip; <a href=\"https:\/\/www.holzfachmarkt-schmitt.de\/?page_id=331\">Weiterlesen <span class=\"meta-nav\">&rarr;<\/span><\/a><\/p>\n","protected":false},"author":1,"featured_media":0,"parent":2,"menu_order":2,"comment_status":"closed","ping_status":"closed","template":"","meta":{"footnotes":""},"class_list":["post-331","page","type-page","status-publish","hentry"],"_links":{"self":[{"href":"https:\/\/www.holzfachmarkt-schmitt.de\/index.php?rest_route=\/wp\/v2\/pages\/331","targetHints":{"allow":["GET"]}}],"collection":[{"href":"https:\/\/www.holzfachmarkt-schmitt.de\/index.php?rest_route=\/wp\/v2\/pages"}],"about":[{"href":"https:\/\/www.holzfachmarkt-schmitt.de\/index.php?rest_route=\/wp\/v2\/types\/page"}],"author":[{"embeddable":true,"href":"https:\/\/www.holzfachmarkt-schmitt.de\/index.php?rest_route=\/wp\/v2\/users\/1"}],"replies":[{"embeddable":true,"href":"https:\/\/www.holzfachmarkt-schmitt.de\/index.php?rest_route=%2Fwp%2Fv2%2Fcomments&post=331"}],"version-history":[{"count":2,"href":"https:\/\/www.holzfachmarkt-schmitt.de\/index.php?rest_route=\/wp\/v2\/pages\/331\/revisions"}],"predecessor-version":[{"id":359,"href":"https:\/\/www.holzfachmarkt-schmitt.de\/index.php?rest_route=\/wp\/v2\/pages\/331\/revisions\/359"}],"up":[{"embeddable":true,"href":"https:\/\/www.holzfachmarkt-schmitt.de\/index.php?rest_route=\/wp\/v2\/pages\/2"}],"wp:attachment":[{"href":"https:\/\/www.holzfachmarkt-schmitt.de\/index.php?rest_route=%2Fwp%2Fv2%2Fmedia&parent=331"}],"curies":[{"name":"wp","href":"https:\/\/api.w.org\/{rel}","templated":true}]}}