{"id":31,"date":"2016-06-19T16:14:06","date_gmt":"2016-06-19T15:14:06","guid":{"rendered":"http:\/\/www.holzfachmarkt-schmitt.de\/?page_id=31"},"modified":"2024-11-26T20:53:24","modified_gmt":"2024-11-26T19:53:24","slug":"holzfachmarkt-schmitt","status":"publish","type":"page","link":"https:\/\/www.holzfachmarkt-schmitt.de\/","title":{"rendered":"Willkommen"},"content":{"rendered":"\n<p>Sie suchen nach Ideen und Material um Ihr Zuhause zu einer kleinen Wohlf\u00fchloase zu machen? Im <strong>Holzfachmarkt Schmitt<\/strong> finden Sie alles, angefangen von <strong>Konstruktionsvollholz<\/strong> bis hin zu Verbrauchsmaterial wie <strong>Schrauben und D\u00fcbeln<\/strong>.<\/p>\n\n\n\n<p>Was uns aber von einem der gro\u00dfen Heimwerkerm\u00e4rkte unterscheidet ist, dass die <strong>Beratung<\/strong> bei uns nie zu kurz kommt und wir echte Fachm\u00e4nner sind. Wenn Sie also <strong>Qualit\u00e4t<\/strong> suchen und jemanden der sich f\u00fcr Sie Zeit nimmt w\u00fcrden wir uns freuen wenn Sie bei uns vorbeischauen w\u00fcrden. In unserer gro\u00dfen <strong>Garten- und Innenausstellung<\/strong> k\u00f6nnen Sie sich dann gerne umschauen und sich anschlie\u00dfend im Laden nach Ihren Vorstellungen zu Haus und Hof beraten lassen.<\/p>\n\n\n\n<p>In den vielen Jahren die es den Holzfachmarkt Schmitt bereits gibt wurde ein riesiges <strong>Know-How<\/strong> aufgebaut von dem auch Sie profitieren k\u00f6nnen. Angefangen bei Fragen zu <strong>Gartenh\u00e4usern und Gartenspielger\u00e4ten<\/strong> bis hin zu den kleinen Kniffen wie man z.B. einen <strong>Laminatboden<\/strong> einfach und ohne M\u00fche verlegt, werden Sie bei uns wertvolle Tipps erhalten.<\/p>\n\n\n\n<p>Auf unserer Seite finden Sie hoffentlich ein paar Anregungen und Ideen aber wir sind der Meinung das der <strong>pers\u00f6nliche Kontakt<\/strong> nicht zu ersetzen ist. Wir hoffen hier als Ihr Ansprechpartner vor Ort in der Rh\u00f6n und im Grabfeld dienen zu k\u00f6nnen.<\/p>\n\n\n\n<p><strong>Bis Bald in Gro\u00dfeibstadt!<\/strong><\/p>\n\n\n\n<h2 class=\"wp-block-heading\"><mark style=\"background-color:rgba(0, 0, 0, 0)\" class=\"has-inline-color has-vivid-red-color\"><\/mark><mark style=\"background-color:rgba(0, 0, 0, 0)\" class=\"has-inline-color has-vivid-red-color\"><\/mark><\/h2>\n","protected":false},"excerpt":{"rendered":"<p>Sie suchen nach Ideen und Material um Ihr Zuhause zu einer kleinen Wohlf\u00fchloase zu machen? Im Holzfachmarkt Schmitt finden Sie alles, angefangen von Konstruktionsvollholz bis hin zu Verbrauchsmaterial wie Schrauben und D\u00fcbeln. Was uns aber von einem der gro\u00dfen Heimwerkerm\u00e4rkte &hellip; <a href=\"https:\/\/www.holzfachmarkt-schmitt.de\/\">Weiterlesen <span class=\"meta-nav\">&rarr;<\/span><\/a><\/p>\n","protected":false},"author":1,"featured_media":0,"parent":0,"menu_order":0,"comment_status":"closed","ping_status":"closed","template":"","meta":{"footnotes":""},"class_list":["post-31","page","type-page","status-publish","hentry"],"_links":{"self":[{"href":"https:\/\/www.holzfachmarkt-schmitt.de\/index.php?rest_route=\/wp\/v2\/pages\/31","targetHints":{"allow":["GET"]}}],"collection":[{"href":"https:\/\/www.holzfachmarkt-schmitt.de\/index.php?rest_route=\/wp\/v2\/pages"}],"about":[{"href":"https:\/\/www.holzfachmarkt-schmitt.de\/index.php?rest_route=\/wp\/v2\/types\/page"}],"author":[{"embeddable":true,"href":"https:\/\/www.holzfachmarkt-schmitt.de\/index.php?rest_route=\/wp\/v2\/users\/1"}],"replies":[{"embeddable":true,"href":"https:\/\/www.holzfachmarkt-schmitt.de\/index.php?rest_route=%2Fwp%2Fv2%2Fcomments&post=31"}],"version-history":[{"count":64,"href":"https:\/\/www.holzfachmarkt-schmitt.de\/index.php?rest_route=\/wp\/v2\/pages\/31\/revisions"}],"predecessor-version":[{"id":482,"href":"https:\/\/www.holzfachmarkt-schmitt.de\/index.php?rest_route=\/wp\/v2\/pages\/31\/revisions\/482"}],"wp:attachment":[{"href":"https:\/\/www.holzfachmarkt-schmitt.de\/index.php?rest_route=%2Fwp%2Fv2%2Fmedia&parent=31"}],"curies":[{"name":"wp","href":"https:\/\/api.w.org\/{rel}","templated":true}]}}